{"id":17,"date":"2015-10-23T09:36:53","date_gmt":"2015-10-23T09:36:53","guid":{"rendered":"http:\/\/ra-zdanowicz.de\/?page_id=17"},"modified":"2022-02-25T10:31:29","modified_gmt":"2022-02-25T10:31:29","slug":"impressum","status":"publish","type":"page","link":"https:\/\/www.ra-zdanowicz.de\/pl\/impressum\/","title":{"rendered":"Impressum"},"content":{"rendered":"<p><strong>Rechtsanwalt Bartosz Zdanowicz<\/strong><br \/>\nLausitzweg 12, 49477 Ibbenb\u00fcren<br \/>\nTel: 0151 22597694<br \/>\nFax: 05451 897587<br \/>\nEmail: ra.zdanowicz@googlemail.com<\/p>\n<p>&nbsp;<\/p>\n<p><strong>Inhaltlich Verantwortlich gem. \u00a7 5 TMG<\/strong><br \/>\nRechtsanwalt Bartosz Zdanowicz<br \/>\nLausitzweg 12<\/p>\n<p>49477 Ibbenb\u00fcren<br \/>\nTel: 030 58886885<br \/>\nFax: 05451 897587<br \/>\nwww.ra-zdanowicz.de<br \/>\nra.zdanowicz@googlemail.com<\/p>\n<p><strong>Berufsbezeichnung<\/strong><br \/>\nRechtsanwalt (verliehen in der Bundesrepublik Deutschland)<\/p>\n<p><strong>Zust\u00e4ndige Aufsichtsbeh\u00f6rde<\/strong><br \/>\nRechtsanwaltskammer Hamm<br \/>\nOstenallee 18<br \/>\n59063 Hamm<\/p>\n<p><strong>Berufsrechtliche Regelungen<\/strong><br \/>\nBundesrechtsanwaltsordnung (BRAO)<br \/>\nBerufsordnung f\u00fcr Rechtsanw\u00e4lte (BORA)<br \/>\nRechtsanwaltsverg\u00fctungsgesetz (RVG)<br \/>\nBerufsregelungen der Rechtsanw\u00e4lte der Europ\u00e4ischen Union<br \/>\nDie Regelungen k\u00f6nnen bei der Bundesrechtsanwaltskammer <a href=\"http:\/\/www.brak.de\/seiten\/06.php#tdg\">hier<\/a> eingesehen werden.<\/p>\n<p><strong>Haftungsausschluss<\/strong><br \/>\nTrotz sorgf\u00e4ltiger inhaltlicher Kontrolle \u00fcbernehme ich keine Haftung f\u00fcr die Inhalte externer Links. F\u00fcr den Inhalt dieser Seiten sind ausschlie\u00dflich deren Betreiber und Betreiberinnen verantwortlich.<\/p>\n<p><strong>Berufshaftpflichtversicherung (Verm\u00f6gensschaden-Haftpflicht-Versicherung)<\/strong><br \/>\nGenerali Versicherung<br \/>\nRechtsanw\u00e4ltinnen und Rechtsanw\u00e4lte sind aufgrund der Bundesrechtsanwaltsordnung verpflichtet, eine Berufshaftpflichtversicherung zu unterhalten. Die Einzelheiten ergeben sich aus \u00a7 51 BRAO.<\/p>","protected":false},"excerpt":{"rendered":"<p>Rechtsanwalt Bartosz Zdanowicz Lausitzweg 12, 49477 Ibbenb\u00fcren Tel: 0151 22597694 Fax: 05451 897587 Email: ra.zdanowicz@googlemail.com &nbsp; Inhaltlich Verantwortlich gem. \u00a7 5 TMG Rechtsanwalt Bartosz Zdanowicz Lausitzweg 12 49477 Ibbenb\u00fcren Tel: 030 58886885 Fax: 05451 897587 www.ra-zdanowicz.de ra.zdanowicz@googlemail.com Berufsbezeichnung Rechtsanwalt (verliehen in der Bundesrepublik Deutschland) Zust\u00e4ndige Aufsichtsbeh\u00f6rde Rechtsanwaltskammer Hamm Ostenallee 18 59063 Hamm Berufsrechtliche Regelungen Bundesrechtsanwaltsordnung [&hellip;]<\/p>\n","protected":false},"author":1,"featured_media":0,"parent":0,"menu_order":0,"comment_status":"closed","ping_status":"closed","template":"","meta":[],"yoast_head":"<!-- This site is optimized with the Yoast SEO plugin v19.13 - https:\/\/yoast.com\/wordpress\/plugins\/seo\/ -->\n<title>Impressum - Prawnik B. Zdanowicz<\/title>\n<meta name=\"robots\" content=\"index, follow, max-snippet:-1, max-image-preview:large, max-video-preview:-1\" \/>\n<link rel=\"canonical\" href=\"https:\/\/www.ra-zdanowicz.de\/impressum\/\" \/>\n<meta property=\"og:locale\" content=\"pl_PL\" \/>\n<meta property=\"og:type\" content=\"article\" \/>\n<meta property=\"og:title\" content=\"Impressum - Prawnik B. Zdanowicz\" \/>\n<meta property=\"og:description\" content=\"Rechtsanwalt Bartosz Zdanowicz Lausitzweg 12, 49477 Ibbenb\u00fcren Tel: 0151 22597694 Fax: 05451 897587 Email: ra.zdanowicz@googlemail.com &nbsp; Inhaltlich Verantwortlich gem. \u00a7 5 TMG Rechtsanwalt Bartosz Zdanowicz Lausitzweg 12 49477 Ibbenb\u00fcren Tel: 030 58886885 Fax: 05451 897587 www.ra-zdanowicz.de ra.zdanowicz@googlemail.com Berufsbezeichnung Rechtsanwalt (verliehen in der Bundesrepublik Deutschland) Zust\u00e4ndige Aufsichtsbeh\u00f6rde Rechtsanwaltskammer Hamm Ostenallee 18 59063 Hamm Berufsrechtliche Regelungen Bundesrechtsanwaltsordnung [&hellip;]\" \/>\n<meta property=\"og:url\" content=\"https:\/\/www.ra-zdanowicz.de\/impressum\/\" \/>\n<meta property=\"og:site_name\" content=\"Prawnik B. Zdanowicz\" \/>\n<meta property=\"article:modified_time\" content=\"2022-02-25T10:31:29+00:00\" \/>\n<meta name=\"twitter:card\" content=\"summary_large_image\" \/>\n<meta name=\"twitter:label1\" content=\"Szacowany czas czytania\" \/>\n\t<meta name=\"twitter:data1\" content=\"14 minut\" \/>\n<script type=\"application\/ld+json\" class=\"yoast-schema-graph\">{\"@context\":\"https:\/\/schema.org\",\"@graph\":[{\"@type\":\"WebPage\",\"@id\":\"https:\/\/www.ra-zdanowicz.de\/impressum\/\",\"url\":\"https:\/\/www.ra-zdanowicz.de\/impressum\/\",\"name\":\"Impressum - Prawnik B. Zdanowicz\",\"isPartOf\":{\"@id\":\"https:\/\/www.ra-zdanowicz.de\/#website\"},\"datePublished\":\"2015-10-23T09:36:53+00:00\",\"dateModified\":\"2022-02-25T10:31:29+00:00\",\"breadcrumb\":{\"@id\":\"https:\/\/www.ra-zdanowicz.de\/impressum\/#breadcrumb\"},\"inLanguage\":\"pl-PL\",\"potentialAction\":[{\"@type\":\"ReadAction\",\"target\":[\"https:\/\/www.ra-zdanowicz.de\/impressum\/\"]}]},{\"@type\":\"BreadcrumbList\",\"@id\":\"https:\/\/www.ra-zdanowicz.de\/impressum\/#breadcrumb\",\"itemListElement\":[{\"@type\":\"ListItem\",\"position\":1,\"name\":\"Home\",\"item\":\"https:\/\/www.ra-zdanowicz.de\/\"},{\"@type\":\"ListItem\",\"position\":2,\"name\":\"Impressum\/Datenschutz\"}]},{\"@type\":\"WebSite\",\"@id\":\"https:\/\/www.ra-zdanowicz.de\/#website\",\"url\":\"https:\/\/www.ra-zdanowicz.de\/\",\"name\":\"Prawnik B. Zdanowicz\",\"description\":\"Porady po polsku oraz niemiecku\",\"potentialAction\":[{\"@type\":\"SearchAction\",\"target\":{\"@type\":\"EntryPoint\",\"urlTemplate\":\"https:\/\/www.ra-zdanowicz.de\/?s={search_term_string}\"},\"query-input\":\"required name=search_term_string\"}],\"inLanguage\":\"pl-PL\"}]}<\/script>\n<!-- \/ Yoast SEO plugin. -->","yoast_head_json":{"title":"Impressum - Prawnik B. Zdanowicz","robots":{"index":"index","follow":"follow","max-snippet":"max-snippet:-1","max-image-preview":"max-image-preview:large","max-video-preview":"max-video-preview:-1"},"canonical":"https:\/\/www.ra-zdanowicz.de\/impressum\/","og_locale":"pl_PL","og_type":"article","og_title":"Impressum - Prawnik B. Zdanowicz","og_description":"Rechtsanwalt Bartosz Zdanowicz Lausitzweg 12, 49477 Ibbenb\u00fcren Tel: 0151 22597694 Fax: 05451 897587 Email: ra.zdanowicz@googlemail.com &nbsp; Inhaltlich Verantwortlich gem. \u00a7 5 TMG Rechtsanwalt Bartosz Zdanowicz Lausitzweg 12 49477 Ibbenb\u00fcren Tel: 030 58886885 Fax: 05451 897587 www.ra-zdanowicz.de ra.zdanowicz@googlemail.com Berufsbezeichnung Rechtsanwalt (verliehen in der Bundesrepublik Deutschland) Zust\u00e4ndige Aufsichtsbeh\u00f6rde Rechtsanwaltskammer Hamm Ostenallee 18 59063 Hamm Berufsrechtliche Regelungen Bundesrechtsanwaltsordnung [&hellip;]","og_url":"https:\/\/www.ra-zdanowicz.de\/impressum\/","og_site_name":"Prawnik B. Zdanowicz","article_modified_time":"2022-02-25T10:31:29+00:00","twitter_card":"summary_large_image","twitter_misc":{"Szacowany czas czytania":"14 minut"},"schema":{"@context":"https:\/\/schema.org","@graph":[{"@type":"WebPage","@id":"https:\/\/www.ra-zdanowicz.de\/impressum\/","url":"https:\/\/www.ra-zdanowicz.de\/impressum\/","name":"Impressum - Prawnik B. Zdanowicz","isPartOf":{"@id":"https:\/\/www.ra-zdanowicz.de\/#website"},"datePublished":"2015-10-23T09:36:53+00:00","dateModified":"2022-02-25T10:31:29+00:00","breadcrumb":{"@id":"https:\/\/www.ra-zdanowicz.de\/impressum\/#breadcrumb"},"inLanguage":"pl-PL","potentialAction":[{"@type":"ReadAction","target":["https:\/\/www.ra-zdanowicz.de\/impressum\/"]}]},{"@type":"BreadcrumbList","@id":"https:\/\/www.ra-zdanowicz.de\/impressum\/#breadcrumb","itemListElement":[{"@type":"ListItem","position":1,"name":"Home","item":"https:\/\/www.ra-zdanowicz.de\/"},{"@type":"ListItem","position":2,"name":"Impressum\/Datenschutz"}]},{"@type":"WebSite","@id":"https:\/\/www.ra-zdanowicz.de\/#website","url":"https:\/\/www.ra-zdanowicz.de\/","name":"Prawnik B. Zdanowicz","description":"Porady po polsku oraz niemiecku","potentialAction":[{"@type":"SearchAction","target":{"@type":"EntryPoint","urlTemplate":"https:\/\/www.ra-zdanowicz.de\/?s={search_term_string}"},"query-input":"required name=search_term_string"}],"inLanguage":"pl-PL"}]}},"_links":{"self":[{"href":"https:\/\/www.ra-zdanowicz.de\/pl\/wp-json\/wp\/v2\/pages\/17"}],"collection":[{"href":"https:\/\/www.ra-zdanowicz.de\/pl\/wp-json\/wp\/v2\/pages"}],"about":[{"href":"https:\/\/www.ra-zdanowicz.de\/pl\/wp-json\/wp\/v2\/types\/page"}],"author":[{"embeddable":true,"href":"https:\/\/www.ra-zdanowicz.de\/pl\/wp-json\/wp\/v2\/users\/1"}],"replies":[{"embeddable":true,"href":"https:\/\/www.ra-zdanowicz.de\/pl\/wp-json\/wp\/v2\/comments?post=17"}],"version-history":[{"count":27,"href":"https:\/\/www.ra-zdanowicz.de\/pl\/wp-json\/wp\/v2\/pages\/17\/revisions"}],"predecessor-version":[{"id":207,"href":"https:\/\/www.ra-zdanowicz.de\/pl\/wp-json\/wp\/v2\/pages\/17\/revisions\/207"}],"wp:attachment":[{"href":"https:\/\/www.ra-zdanowicz.de\/pl\/wp-json\/wp\/v2\/media?parent=17"}],"curies":[{"name":"wp","href":"https:\/\/api.w.org\/{rel}","templated":true}]}}