{"id":7,"date":"2015-10-23T09:30:17","date_gmt":"2015-10-23T09:30:17","guid":{"rendered":"http:\/\/ra-zdanowicz.de\/?page_id=7"},"modified":"2022-12-22T09:06:21","modified_gmt":"2022-12-22T09:06:21","slug":"herzlich-willkommen","status":"publish","type":"page","link":"https:\/\/www.ra-zdanowicz.de\/pl\/","title":{"rendered":"Witam serdecznie"},"content":{"rendered":"<p>na stronie\u00a0internetowej adwokata B. Zdanowicz, specjalista\/prawnik prawa podatkowego, upadlosciowego i restruktyryzacyjnego (Fachanwalt f\u00fcr Steuerrecht, Fachanwalt f\u00fcr Insolvenz- und Sanierungsrecht).<\/p>\n<p>Porady po polsku oraz niemiecku w D\u00fcsseldorf\/Ibbenb\u00fcren.<\/p>\n<p><img decoding=\"async\" loading=\"lazy\" class=\"alignleft size-large wp-image-195\" src=\"https:\/\/www.ra-zdanowicz.de\/wp-content\/uploads\/2020\/07\/Bartosz_Zdanowicz-400x1024.png\" alt=\"\" width=\"400\" height=\"1024\" srcset=\"https:\/\/www.ra-zdanowicz.de\/wp-content\/uploads\/2020\/07\/Bartosz_Zdanowicz-400x1024.png 400w, https:\/\/www.ra-zdanowicz.de\/wp-content\/uploads\/2020\/07\/Bartosz_Zdanowicz-117x300.png 117w, https:\/\/www.ra-zdanowicz.de\/wp-content\/uploads\/2020\/07\/Bartosz_Zdanowicz.png 750w\" sizes=\"(max-width: 400px) 100vw, 400px\" \/><\/p>","protected":false},"excerpt":{"rendered":"<p>na stronie\u00a0internetowej adwokata B. Zdanowicz, specjalista\/prawnik prawa podatkowego, upadlosciowego i restruktyryzacyjnego (Fachanwalt f\u00fcr Steuerrecht, Fachanwalt f\u00fcr Insolvenz- und Sanierungsrecht). Porady po polsku oraz niemiecku w D\u00fcsseldorf\/Ibbenb\u00fcren.<\/p>\n","protected":false},"author":1,"featured_media":0,"parent":0,"menu_order":0,"comment_status":"closed","ping_status":"closed","template":"","meta":[],"yoast_head":"<!-- This site is optimized with the Yoast SEO plugin v19.13 - https:\/\/yoast.com\/wordpress\/plugins\/seo\/ -->\n<title>Witam serdecznie - Prawnik B. Zdanowicz<\/title>\n<meta name=\"robots\" content=\"index, follow, max-snippet:-1, max-image-preview:large, max-video-preview:-1\" \/>\n<link rel=\"canonical\" href=\"https:\/\/www.ra-zdanowicz.de\/\" \/>\n<meta property=\"og:locale\" content=\"pl_PL\" \/>\n<meta property=\"og:type\" content=\"article\" \/>\n<meta property=\"og:title\" content=\"Witam serdecznie - Prawnik B. Zdanowicz\" \/>\n<meta property=\"og:description\" content=\"na stronie\u00a0internetowej adwokata B. Zdanowicz, specjalista\/prawnik prawa podatkowego, upadlosciowego i restruktyryzacyjnego (Fachanwalt f\u00fcr Steuerrecht, Fachanwalt f\u00fcr Insolvenz- und Sanierungsrecht). Porady po polsku oraz niemiecku w D\u00fcsseldorf\/Ibbenb\u00fcren.\" \/>\n<meta property=\"og:url\" content=\"https:\/\/www.ra-zdanowicz.de\/\" \/>\n<meta property=\"og:site_name\" content=\"Prawnik B. Zdanowicz\" \/>\n<meta property=\"article:modified_time\" content=\"2022-12-22T09:06:21+00:00\" \/>\n<meta property=\"og:image\" content=\"https:\/\/www.ra-zdanowicz.de\/wp-content\/uploads\/2020\/07\/Bartosz_Zdanowicz-400x1024.png\" \/>\n<meta name=\"twitter:card\" content=\"summary_large_image\" \/>\n<meta name=\"twitter:label1\" content=\"Szacowany czas czytania\" \/>\n\t<meta name=\"twitter:data1\" content=\"1 minuta\" \/>\n<script type=\"application\/ld+json\" class=\"yoast-schema-graph\">{\"@context\":\"https:\/\/schema.org\",\"@graph\":[{\"@type\":\"WebPage\",\"@id\":\"https:\/\/www.ra-zdanowicz.de\/\",\"url\":\"https:\/\/www.ra-zdanowicz.de\/\",\"name\":\"Witam serdecznie - Prawnik B. Zdanowicz\",\"isPartOf\":{\"@id\":\"https:\/\/www.ra-zdanowicz.de\/#website\"},\"datePublished\":\"2015-10-23T09:30:17+00:00\",\"dateModified\":\"2022-12-22T09:06:21+00:00\",\"breadcrumb\":{\"@id\":\"https:\/\/www.ra-zdanowicz.de\/#breadcrumb\"},\"inLanguage\":\"pl-PL\",\"potentialAction\":[{\"@type\":\"ReadAction\",\"target\":[\"https:\/\/www.ra-zdanowicz.de\/\"]}]},{\"@type\":\"BreadcrumbList\",\"@id\":\"https:\/\/www.ra-zdanowicz.de\/#breadcrumb\",\"itemListElement\":[{\"@type\":\"ListItem\",\"position\":1,\"name\":\"Home\",\"item\":\"https:\/\/www.ra-zdanowicz.de\/\"},{\"@type\":\"ListItem\",\"position\":2,\"name\":\"Herzlich willkommen\"}]},{\"@type\":\"WebSite\",\"@id\":\"https:\/\/www.ra-zdanowicz.de\/#website\",\"url\":\"https:\/\/www.ra-zdanowicz.de\/\",\"name\":\"Prawnik B. Zdanowicz\",\"description\":\"Porady po polsku oraz niemiecku\",\"potentialAction\":[{\"@type\":\"SearchAction\",\"target\":{\"@type\":\"EntryPoint\",\"urlTemplate\":\"https:\/\/www.ra-zdanowicz.de\/?s={search_term_string}\"},\"query-input\":\"required name=search_term_string\"}],\"inLanguage\":\"pl-PL\"}]}<\/script>\n<!-- \/ Yoast SEO plugin. -->","yoast_head_json":{"title":"Witam serdecznie - Prawnik B. Zdanowicz","robots":{"index":"index","follow":"follow","max-snippet":"max-snippet:-1","max-image-preview":"max-image-preview:large","max-video-preview":"max-video-preview:-1"},"canonical":"https:\/\/www.ra-zdanowicz.de\/","og_locale":"pl_PL","og_type":"article","og_title":"Witam serdecznie - Prawnik B. Zdanowicz","og_description":"na stronie\u00a0internetowej adwokata B. Zdanowicz, specjalista\/prawnik prawa podatkowego, upadlosciowego i restruktyryzacyjnego (Fachanwalt f\u00fcr Steuerrecht, Fachanwalt f\u00fcr Insolvenz- und Sanierungsrecht). Porady po polsku oraz niemiecku w D\u00fcsseldorf\/Ibbenb\u00fcren.","og_url":"https:\/\/www.ra-zdanowicz.de\/","og_site_name":"Prawnik B. Zdanowicz","article_modified_time":"2022-12-22T09:06:21+00:00","og_image":[{"url":"https:\/\/www.ra-zdanowicz.de\/wp-content\/uploads\/2020\/07\/Bartosz_Zdanowicz-400x1024.png"}],"twitter_card":"summary_large_image","twitter_misc":{"Szacowany czas czytania":"1 minuta"},"schema":{"@context":"https:\/\/schema.org","@graph":[{"@type":"WebPage","@id":"https:\/\/www.ra-zdanowicz.de\/","url":"https:\/\/www.ra-zdanowicz.de\/","name":"Witam serdecznie - Prawnik B. Zdanowicz","isPartOf":{"@id":"https:\/\/www.ra-zdanowicz.de\/#website"},"datePublished":"2015-10-23T09:30:17+00:00","dateModified":"2022-12-22T09:06:21+00:00","breadcrumb":{"@id":"https:\/\/www.ra-zdanowicz.de\/#breadcrumb"},"inLanguage":"pl-PL","potentialAction":[{"@type":"ReadAction","target":["https:\/\/www.ra-zdanowicz.de\/"]}]},{"@type":"BreadcrumbList","@id":"https:\/\/www.ra-zdanowicz.de\/#breadcrumb","itemListElement":[{"@type":"ListItem","position":1,"name":"Home","item":"https:\/\/www.ra-zdanowicz.de\/"},{"@type":"ListItem","position":2,"name":"Herzlich willkommen"}]},{"@type":"WebSite","@id":"https:\/\/www.ra-zdanowicz.de\/#website","url":"https:\/\/www.ra-zdanowicz.de\/","name":"Prawnik B. Zdanowicz","description":"Porady po polsku oraz niemiecku","potentialAction":[{"@type":"SearchAction","target":{"@type":"EntryPoint","urlTemplate":"https:\/\/www.ra-zdanowicz.de\/?s={search_term_string}"},"query-input":"required name=search_term_string"}],"inLanguage":"pl-PL"}]}},"_links":{"self":[{"href":"https:\/\/www.ra-zdanowicz.de\/pl\/wp-json\/wp\/v2\/pages\/7"}],"collection":[{"href":"https:\/\/www.ra-zdanowicz.de\/pl\/wp-json\/wp\/v2\/pages"}],"about":[{"href":"https:\/\/www.ra-zdanowicz.de\/pl\/wp-json\/wp\/v2\/types\/page"}],"author":[{"embeddable":true,"href":"https:\/\/www.ra-zdanowicz.de\/pl\/wp-json\/wp\/v2\/users\/1"}],"replies":[{"embeddable":true,"href":"https:\/\/www.ra-zdanowicz.de\/pl\/wp-json\/wp\/v2\/comments?post=7"}],"version-history":[{"count":39,"href":"https:\/\/www.ra-zdanowicz.de\/pl\/wp-json\/wp\/v2\/pages\/7\/revisions"}],"predecessor-version":[{"id":225,"href":"https:\/\/www.ra-zdanowicz.de\/pl\/wp-json\/wp\/v2\/pages\/7\/revisions\/225"}],"wp:attachment":[{"href":"https:\/\/www.ra-zdanowicz.de\/pl\/wp-json\/wp\/v2\/media?parent=7"}],"curies":[{"name":"wp","href":"https:\/\/api.w.org\/{rel}","templated":true}]}}